{"id":1447,"date":"2019-06-06T11:08:57","date_gmt":"2019-06-06T11:08:57","guid":{"rendered":"https:\/\/www.altografica.com\/home-bold\/"},"modified":"2021-09-03T10:10:03","modified_gmt":"2021-09-03T10:10:03","slug":"home-bold","status":"publish","type":"page","link":"https:\/\/www.altografica.com\/en\/","title":{"rendered":"Home (Bold)"},"content":{"rendered":"<p><div class=\"wrapper portfolio-wrapper style-block  height-screen slist-wrapper\"><div id=\"portfolio-grid1\" class=\"slist portfolio-list not-spaced text-left captionpos-right block-align hide-headerfooter trans-fade fade-hide slist-container portfolio-container\"  data-ratio=\"3:2\">\n\t<div class=\"slist-item portfolio-item cat-25 cat-28  item-1746 do-anim-text\" data-item=\"item-1746\">\n\t\t\t<a href=\"https:\/\/www.altografica.com\/en\/portfolio\/evorgy\/\"  data-fade=\"#ecf1fd\" data-appearance=\"dark\">\n\t\t\t\t\t\t\t\t<h4 class=\"portfolio-name h1\">Evorgy<\/h4>\n\t\t\t\t<span class=\"caption-sub portfolio-category h6\">Digital, UI UX<\/span>\t\t\t<\/a>\n\t<\/div>\n\t<div class=\"slist-item portfolio-item cat-25 cat-28  item-1752 do-anim-text\" data-item=\"item-1752\">\n\t\t\t<a href=\"https:\/\/www.altografica.com\/en\/portfolio\/ui-ux-digital-design-vetcorner\/\"  data-fade=\"#0f0322\" data-appearance=\"light\">\n\t\t\t\t\t\t\t\t<h4 class=\"portfolio-name h1\">Vetcorner<\/h4>\n\t\t\t\t<span class=\"caption-sub portfolio-category h6\">Digital, UI UX<\/span>\t\t\t<\/a>\n\t<\/div>\n\t<div class=\"slist-item portfolio-item cat-24  item-1449 do-anim-text\" data-item=\"item-1449\">\n\t\t\t<a href=\"https:\/\/www.altografica.com\/en\/portfolio\/zaragoza-comedy\/\"  data-fade=\"#ffffff\" data-appearance=\"dark\">\n\t\t\t\t\t\t\t\t<h4 class=\"portfolio-name h1\">Zaragoza Comedy<\/h4>\n\t\t\t\t<span class=\"caption-sub portfolio-category h6\">Graphic<\/span>\t\t\t<\/a>\n\t<\/div>\n\t<div class=\"slist-item portfolio-item cat-25  item-1454 do-anim-text\" data-item=\"item-1454\">\n\t\t\t<a href=\"https:\/\/www.altografica.com\/en\/portfolio\/gripfilm\/\"  data-fade=\"#fff\" data-appearance=\"dark\">\n\t\t\t\t\t\t\t\t<h4 class=\"portfolio-name h1\">Gripfilm<\/h4>\n\t\t\t\t<span class=\"caption-sub portfolio-category h6\">Digital<\/span>\t\t\t<\/a>\n\t<\/div>\n\t<div class=\"slist-item portfolio-item cat-24  item-1756 do-anim-text\" data-item=\"item-1756\">\n\t\t\t<a href=\"https:\/\/www.altografica.com\/en\/portfolio\/los-ultimos\/\"  data-fade=\"#e8e7ed\" data-appearance=\"dark\">\n\t\t\t\t\t\t\t\t<h4 class=\"portfolio-name h1\">Los \u00daltimos<\/h4>\n\t\t\t\t<span class=\"caption-sub portfolio-category h6\">Graphic<\/span>\t\t\t<\/a>\n\t<\/div><div class=\"slist-hover-media portfolio-hover-media size-full img-cover trans-fade\">\n\t<div class=\"slist-media portfolio-media\" data-item=\"item-1746\">\n\t\t<span class=\"media\">\n\t\t<span class=\"media-image\"><img loading=\"lazy\" decoding=\"async\" class=\"\" src=\"https:\/\/www.altografica.com\/wp-content\/uploads\/2021\/08\/evorgy-bg-1.jpg\" srcset=\"https:\/\/www.altografica.com\/wp-content\/uploads\/2021\/08\/evorgy-bg-1.jpg 1600w,https:\/\/www.altografica.com\/wp-content\/uploads\/2021\/08\/evorgy-bg-1-1280x960.jpg 1280w,https:\/\/www.altografica.com\/wp-content\/uploads\/2021\/08\/evorgy-bg-1-960x720.jpg 960w,https:\/\/www.altografica.com\/wp-content\/uploads\/2021\/08\/evorgy-bg-1-640x480.jpg 640w,https:\/\/www.altografica.com\/wp-content\/uploads\/2021\/08\/evorgy-bg-1-320x240.jpg 320w\" sizes=\"auto, (max-width: 1600px) 100vw, 1600px\" width=\"1600\" height=\"1200\" alt=\"evorgy-bg\" \/><\/span>\t\n\t\t<\/span>\n\t<\/div>\n\t<div class=\"slist-media portfolio-media\" data-item=\"item-1752\">\n\t\t<span class=\"media\">\n\t\t<span class=\"media-image\"><img loading=\"lazy\" decoding=\"async\" class=\"\" src=\"https:\/\/www.altografica.com\/wp-content\/uploads\/2021\/07\/fav02.jpg\" srcset=\"https:\/\/www.altografica.com\/wp-content\/uploads\/2021\/07\/fav02.jpg 1486w,https:\/\/www.altografica.com\/wp-content\/uploads\/2021\/07\/fav02-1280x930.jpg 1280w,https:\/\/www.altografica.com\/wp-content\/uploads\/2021\/07\/fav02-960x698.jpg 960w,https:\/\/www.altografica.com\/wp-content\/uploads\/2021\/07\/fav02-640x465.jpg 640w,https:\/\/www.altografica.com\/wp-content\/uploads\/2021\/07\/fav02-320x233.jpg 320w\" sizes=\"auto, (max-width: 1486px) 100vw, 1486px\" width=\"1486\" height=\"1080\" alt=\"fav02\" \/><\/span>\t\n\t\t<\/span>\n\t<\/div>\n\t<div class=\"slist-media portfolio-media\" data-item=\"item-1449\">\n\t\t<span class=\"media\">\n\t\t<span class=\"media-image\"><img loading=\"lazy\" decoding=\"async\" class=\"\" src=\"https:\/\/www.altografica.com\/wp-content\/uploads\/2019\/06\/id53-01.jpg\" srcset=\"https:\/\/www.altografica.com\/wp-content\/uploads\/2019\/06\/id53-01.jpg 1600w,https:\/\/www.altografica.com\/wp-content\/uploads\/2019\/06\/id53-01-1280x794.jpg 1280w,https:\/\/www.altografica.com\/wp-content\/uploads\/2019\/06\/id53-01-960x595.jpg 960w,https:\/\/www.altografica.com\/wp-content\/uploads\/2019\/06\/id53-01-640x397.jpg 640w,https:\/\/www.altografica.com\/wp-content\/uploads\/2019\/06\/id53-01-320x198.jpg 320w\" sizes=\"auto, (max-width: 1600px) 100vw, 1600px\" width=\"1600\" height=\"992\" alt=\"id53-01\" \/><\/span>\t\n\t\t<\/span>\n\t<\/div>\n\t<div class=\"slist-media portfolio-media\" data-item=\"item-1454\">\n\t\t<span class=\"media\">\n\t\t<span class=\"media-image\"><img loading=\"lazy\" decoding=\"async\" class=\"\" src=\"https:\/\/www.altografica.com\/wp-content\/uploads\/2019\/06\/id55-10.jpg\" srcset=\"https:\/\/www.altografica.com\/wp-content\/uploads\/2019\/06\/id55-10.jpg 2400w,https:\/\/www.altografica.com\/wp-content\/uploads\/2019\/06\/id55-10-1680x945.jpg 1680w,https:\/\/www.altografica.com\/wp-content\/uploads\/2019\/06\/id55-10-1280x720.jpg 1280w,https:\/\/www.altografica.com\/wp-content\/uploads\/2019\/06\/id55-10-960x540.jpg 960w,https:\/\/www.altografica.com\/wp-content\/uploads\/2019\/06\/id55-10-640x360.jpg 640w,https:\/\/www.altografica.com\/wp-content\/uploads\/2019\/06\/id55-10-320x180.jpg 320w\" sizes=\"auto, (max-width: 2400px) 100vw, 2400px\" width=\"2400\" height=\"1350\" alt=\"id55-10\" \/><\/span>\t\n\t\t<\/span>\n\t<\/div>\n\t<div class=\"slist-media portfolio-media\" data-item=\"item-1756\">\n\t\t<span class=\"media\">\n\t\t<span class=\"media-image\"><img loading=\"lazy\" decoding=\"async\" class=\"\" src=\"https:\/\/www.altografica.com\/wp-content\/uploads\/2019\/05\/dossier-prensa01.jpg\" srcset=\"https:\/\/www.altografica.com\/wp-content\/uploads\/2019\/05\/dossier-prensa01.jpg 899w,https:\/\/www.altografica.com\/wp-content\/uploads\/2019\/05\/dossier-prensa01-640x960.jpg 640w,https:\/\/www.altografica.com\/wp-content\/uploads\/2019\/05\/dossier-prensa01-320x480.jpg 320w\" sizes=\"auto, (max-width: 899px) 100vw, 899px\" width=\"899\" height=\"1348\" alt=\"dossier-prensa01\" \/><\/span>\t\n\t\t<\/span>\n\t<\/div><\/div><\/div><\/div> <!-- END .wrapper --><div class=\"wrapper\"><div  class=\"column-section clearfix spaced-normal  col-align-top no-anim\"><div  class=\"column one-full last-col  col1 no-anim\" ><div class=\"spacer spacer-medium \"><\/div><\/div><\/div><\/div><div  class=\"fullwidth-section text-dark section1\" style=\"background-color:#f1efe9\"><div class=\"fullwidth-content\"><div class=\"wrapper\"><div  class=\"column-section clearfix spaced-normal  col-align-top no-anim\"><div  class=\"column one-full last-col  col2 no-anim\" >\n<h3 style=\"text-align: left;\">Want to see more?<\/h3>\n<h5 style=\"text-align: left;\">Find yourself comfortable and <a href=\"https:\/\/www.altografica.com\/portfolio-completo\/\">enjoy the complete portfolio<\/a><\/h5>\n<\/div><\/div><\/div><\/div><\/div><div class=\"wrapper\"><div  class=\"column-section clearfix spaced-normal  col-align-top no-anim\"><div  class=\"column one-full last-col  col3 no-anim\" ><div class=\"spacer spacer-medium \"><\/div><\/div><\/div><\/div>\n","protected":false},"excerpt":{"rendered":"","protected":false},"author":2,"featured_media":0,"parent":0,"menu_order":0,"comment_status":"closed","ping_status":"closed","template":"","meta":{"footnotes":""},"class_list":["post-1447","page","type-page","status-publish","hentry","isotope-item"],"yoast_head":"<!-- This site is optimized with the Yoast SEO plugin v26.0 - https:\/\/yoast.com\/wordpress\/plugins\/seo\/ -->\n<title>Alto Gr\u00e1fica digital &amp; graphic design studio UI\/UX design<\/title>\n<meta name=\"description\" content=\"Alto Gr\u00e1fica es un estudio de dise\u00f1o multidisciplinar que da forma a las ideas a trav\u00e9s de soluciones visuales, con la funcionalidad como eje principal. Nuestro cuartel general se encuentra en Zaragoza, pero trabajamos con clientes de todo el mundo. Ayudamos a las empresas a lanzar sus negocios digitales. Digital &amp; product design, UI\/UX design.\" \/>\n<meta name=\"robots\" content=\"index, follow, max-snippet:-1, max-image-preview:large, max-video-preview:-1\" \/>\n<link rel=\"canonical\" href=\"https:\/\/www.altografica.com\/en\/\" \/>\n<meta property=\"og:locale\" content=\"en_US\" \/>\n<meta property=\"og:type\" content=\"article\" \/>\n<meta property=\"og:title\" content=\"Alto Gr\u00e1fica digital &amp; graphic design studio UI\/UX design\" \/>\n<meta property=\"og:description\" content=\"Alto Gr\u00e1fica es un estudio de dise\u00f1o multidisciplinar que da forma a las ideas a trav\u00e9s de soluciones visuales, con la funcionalidad como eje principal. Nuestro cuartel general se encuentra en Zaragoza, pero trabajamos con clientes de todo el mundo. Ayudamos a las empresas a lanzar sus negocios digitales. Digital &amp; product design, UI\/UX design.\" \/>\n<meta property=\"og:url\" content=\"https:\/\/www.altografica.com\/en\/\" \/>\n<meta property=\"og:site_name\" content=\"Alto Gr\u00e1fica\" \/>\n<meta property=\"article:modified_time\" content=\"2021-09-03T10:10:03+00:00\" \/>\n<meta name=\"twitter:card\" content=\"summary_large_image\" \/>\n<meta name=\"twitter:label1\" content=\"Est. reading time\" \/>\n\t<meta name=\"twitter:data1\" content=\"1 minute\" \/>\n<script type=\"application\/ld+json\" class=\"yoast-schema-graph\">{\"@context\":\"https:\/\/schema.org\",\"@graph\":[{\"@type\":\"WebPage\",\"@id\":\"https:\/\/www.altografica.com\/en\/\",\"url\":\"https:\/\/www.altografica.com\/en\/\",\"name\":\"Alto Gr\u00e1fica digital & graphic design studio UI\/UX design\",\"isPartOf\":{\"@id\":\"https:\/\/www.altografica.com\/#website\"},\"datePublished\":\"2019-06-06T11:08:57+00:00\",\"dateModified\":\"2021-09-03T10:10:03+00:00\",\"description\":\"Alto Gr\u00e1fica es un estudio de dise\u00f1o multidisciplinar que da forma a las ideas a trav\u00e9s de soluciones visuales, con la funcionalidad como eje principal. Nuestro cuartel general se encuentra en Zaragoza, pero trabajamos con clientes de todo el mundo. Ayudamos a las empresas a lanzar sus negocios digitales. Digital & product design, UI\/UX design.\",\"breadcrumb\":{\"@id\":\"https:\/\/www.altografica.com\/en\/#breadcrumb\"},\"inLanguage\":\"en-US\",\"potentialAction\":[{\"@type\":\"ReadAction\",\"target\":[\"https:\/\/www.altografica.com\/en\/\"]}]},{\"@type\":\"BreadcrumbList\",\"@id\":\"https:\/\/www.altografica.com\/en\/#breadcrumb\",\"itemListElement\":[{\"@type\":\"ListItem\",\"position\":1,\"name\":\"Portada\",\"item\":\"https:\/\/www.altografica.com\/en\/\"},{\"@type\":\"ListItem\",\"position\":2,\"name\":\"Home (Bold)\"}]},{\"@type\":\"WebSite\",\"@id\":\"https:\/\/www.altografica.com\/#website\",\"url\":\"https:\/\/www.altografica.com\/\",\"name\":\"Alto Gr\u00e1fica Estudio de dise\u00f1o gr\u00e1fico y proyectos digitales\",\"description\":\"Dise\u00f1o gr\u00e1fico y digital\",\"potentialAction\":[{\"@type\":\"SearchAction\",\"target\":{\"@type\":\"EntryPoint\",\"urlTemplate\":\"https:\/\/www.altografica.com\/?s={search_term_string}\"},\"query-input\":{\"@type\":\"PropertyValueSpecification\",\"valueRequired\":true,\"valueName\":\"search_term_string\"}}],\"inLanguage\":\"en-US\"}]}<\/script>\n<!-- \/ Yoast SEO plugin. -->","yoast_head_json":{"title":"Alto Gr\u00e1fica digital & graphic design studio UI\/UX design","description":"Alto Gr\u00e1fica es un estudio de dise\u00f1o multidisciplinar que da forma a las ideas a trav\u00e9s de soluciones visuales, con la funcionalidad como eje principal. Nuestro cuartel general se encuentra en Zaragoza, pero trabajamos con clientes de todo el mundo. Ayudamos a las empresas a lanzar sus negocios digitales. Digital & product design, UI\/UX design.","robots":{"index":"index","follow":"follow","max-snippet":"max-snippet:-1","max-image-preview":"max-image-preview:large","max-video-preview":"max-video-preview:-1"},"canonical":"https:\/\/www.altografica.com\/en\/","og_locale":"en_US","og_type":"article","og_title":"Alto Gr\u00e1fica digital & graphic design studio UI\/UX design","og_description":"Alto Gr\u00e1fica es un estudio de dise\u00f1o multidisciplinar que da forma a las ideas a trav\u00e9s de soluciones visuales, con la funcionalidad como eje principal. Nuestro cuartel general se encuentra en Zaragoza, pero trabajamos con clientes de todo el mundo. Ayudamos a las empresas a lanzar sus negocios digitales. Digital & product design, UI\/UX design.","og_url":"https:\/\/www.altografica.com\/en\/","og_site_name":"Alto Gr\u00e1fica","article_modified_time":"2021-09-03T10:10:03+00:00","twitter_card":"summary_large_image","twitter_misc":{"Est. reading time":"1 minute"},"schema":{"@context":"https:\/\/schema.org","@graph":[{"@type":"WebPage","@id":"https:\/\/www.altografica.com\/en\/","url":"https:\/\/www.altografica.com\/en\/","name":"Alto Gr\u00e1fica digital & graphic design studio UI\/UX design","isPartOf":{"@id":"https:\/\/www.altografica.com\/#website"},"datePublished":"2019-06-06T11:08:57+00:00","dateModified":"2021-09-03T10:10:03+00:00","description":"Alto Gr\u00e1fica es un estudio de dise\u00f1o multidisciplinar que da forma a las ideas a trav\u00e9s de soluciones visuales, con la funcionalidad como eje principal. Nuestro cuartel general se encuentra en Zaragoza, pero trabajamos con clientes de todo el mundo. Ayudamos a las empresas a lanzar sus negocios digitales. Digital & product design, UI\/UX design.","breadcrumb":{"@id":"https:\/\/www.altografica.com\/en\/#breadcrumb"},"inLanguage":"en-US","potentialAction":[{"@type":"ReadAction","target":["https:\/\/www.altografica.com\/en\/"]}]},{"@type":"BreadcrumbList","@id":"https:\/\/www.altografica.com\/en\/#breadcrumb","itemListElement":[{"@type":"ListItem","position":1,"name":"Portada","item":"https:\/\/www.altografica.com\/en\/"},{"@type":"ListItem","position":2,"name":"Home (Bold)"}]},{"@type":"WebSite","@id":"https:\/\/www.altografica.com\/#website","url":"https:\/\/www.altografica.com\/","name":"Alto Gr\u00e1fica Estudio de dise\u00f1o gr\u00e1fico y proyectos digitales","description":"Dise\u00f1o gr\u00e1fico y digital","potentialAction":[{"@type":"SearchAction","target":{"@type":"EntryPoint","urlTemplate":"https:\/\/www.altografica.com\/?s={search_term_string}"},"query-input":{"@type":"PropertyValueSpecification","valueRequired":true,"valueName":"search_term_string"}}],"inLanguage":"en-US"}]}},"_links":{"self":[{"href":"https:\/\/www.altografica.com\/en\/wp-json\/wp\/v2\/pages\/1447","targetHints":{"allow":["GET"]}}],"collection":[{"href":"https:\/\/www.altografica.com\/en\/wp-json\/wp\/v2\/pages"}],"about":[{"href":"https:\/\/www.altografica.com\/en\/wp-json\/wp\/v2\/types\/page"}],"author":[{"embeddable":true,"href":"https:\/\/www.altografica.com\/en\/wp-json\/wp\/v2\/users\/2"}],"replies":[{"embeddable":true,"href":"https:\/\/www.altografica.com\/en\/wp-json\/wp\/v2\/comments?post=1447"}],"version-history":[{"count":6,"href":"https:\/\/www.altografica.com\/en\/wp-json\/wp\/v2\/pages\/1447\/revisions"}],"predecessor-version":[{"id":1707,"href":"https:\/\/www.altografica.com\/en\/wp-json\/wp\/v2\/pages\/1447\/revisions\/1707"}],"wp:attachment":[{"href":"https:\/\/www.altografica.com\/en\/wp-json\/wp\/v2\/media?parent=1447"}],"curies":[{"name":"wp","href":"https:\/\/api.w.org\/{rel}","templated":true}]}}