{"id":1710,"date":"2019-06-20T12:26:05","date_gmt":"2019-06-20T12:26:05","guid":{"rendered":"https:\/\/www.altografica.com\/?page_id=1710"},"modified":"2021-09-06T10:11:08","modified_gmt":"2021-09-06T10:11:08","slug":"studio","status":"publish","type":"page","link":"https:\/\/www.altografica.com\/en\/studio\/","title":{"rendered":"Our studio"},"content":{"rendered":"<div  class=\"fullwidth-section text-dark section1\" style=\"background-color:#ffffff\"><div class=\"fullwidth-content\"><div class=\"wrapper-medium\"><div  class=\"column-section clearfix spaced-normal  col-align-top no-anim\"><div  class=\"column one-full last-col  col1 no-anim\" >\n<h5 class=\"title-alt align-auto  h7\">What we do<\/h5>\n<\/div><\/div><\/div><div class=\"spacer spacer-small \"><\/div><div class=\"wrapper-medium\"><div  class=\"column-section clearfix spaced-huge  col-align-top no-anim\"><div  class=\"column one-full last-col  col2 no-anim\" >\n<h2>We help companies to launch their digital products<\/h2>\n<h5><\/h5>\n<h5>We study the context to fully understand its essence and uncover a coherent visual universe. We always search for creative solutions that are effective and adequate. We help our clients to excel in creating designs that connect with the audience and that have one clear goal: reach the highest level of quality possible in each project.<\/h5>\n<div class=\"spacer spacer-medium \"><\/div>\n<a href=\"https:\/\/www.altografica.com\/home-bold\/\" class=\"sr-button style-1 button-big\" ><span class=\"text\">\n\t\t\t<span>Show me projects<\/span>\n\t\t\t<span>Show me projects<\/span>\n\t\t<\/span><\/a>\n<\/div><\/div><\/div><div class=\"spacer spacer-big hidden-768\"><\/div><div class=\"spacer spacer-medium \"><\/div><div class=\"wrapper\"><div  class=\"column-section clearfix spaced-normal  col-align-top no-anim\"><div  class=\"column one-third   col3 no-anim\" >\n<h5><strong>Digital<\/strong><\/h5>\n<ul class=\"nolist\">\n<li>UX<\/li>\n<li>Web design<\/li>\n<li>Web development<\/li>\n<li>Digital product design<\/li>\n<li>UI design<\/li>\n<li>eCommerce solutions<\/li>\n<\/ul>\n<\/div><div  class=\"column one-third   col4 no-anim\" >\n<h5><strong>Branding<\/strong><\/h5>\n<ul class=\"nolist\">\n<li><span class=\"s1\">Logo development<\/span><\/li>\n<li>Brand identity<\/li>\n<li><span class=\"s1\">Art direction<\/span><\/li>\n<li><span class=\"s1\">Editorial<\/span><\/li>\n<li>Illustration<\/li>\n<\/ul>\n<\/div><div  class=\"column one-third last-col  col5 no-anim\" ><\/div><\/div><\/div><\/div><\/div><div class=\"spacer spacer-big \"><\/div><div class=\"wrapper-small\"><div  class=\"column-section clearfix spaced-normal  col-align-top no-anim\"><div  class=\"column one-full last-col  col6 no-anim\" >\n<h4><h5 class=\"title-alt align-auto  h5\">What define us<\/h5><\/h4>\n<h3>First and foremost due to our commitment, hard work and dedication to our clients and their projects. We believe the best results are obtained through a profound understanding of the client and the project.<\/h3>\n<div class=\"spacer spacer-small \"><\/div>\n<p>&nbsp;<\/p>\n<h2>Let&#8217;s make great work together?<\/h2>\n<h4><a href=\"mailto:david@altografica.com\">Send us an email.<\/a><\/h4>\n<\/div><\/div><\/div><div class=\"spacer spacer-big \"><\/div><div class=\"spacer spacer-small \"><\/div><div class=\"spacer spacer-medium \"><\/div><div class=\"wrapper\"><div  class=\"column-section clearfix spaced-normal  col-align-top no-anim\"><div  class=\"column one-full last-col  col7 no-anim\" >\n<h2 style=\"text-align: center;\">Selected work<\/h2>\n<\/div><\/div><\/div><div class=\"spacer spacer-big \"><\/div><div class=\"wrapper portfolio-wrapper style-grid \"><div id=\"portfolio-grid1\" class=\"isotope-grid isotope-not-spaced style-column-3 hover-hide slist-container portfolio-container\"  data-ratio=\"3:2\">\n    <div class=\"isotope-item portfolio-item  cat-25 cat-28  item-1746\">\n        <div class=\"portfolio-item-inner item-inner do-anim\">\n            <div class=\"portfolio-media item-media \">\n            <a href=\"https:\/\/www.altografica.com\/en\/portfolio\/evorgy\/\" class=\"thumb-hover scale no-color\"   data-fade=\"#ecf1fd\" data-appearance=\"dark\">\n                <img loading=\"lazy\" decoding=\"async\" src=\"https:\/\/www.altografica.com\/wp-content\/uploads\/2021\/08\/evorgy-bg-1-960x720.jpg\" srcset=\"https:\/\/www.altografica.com\/wp-content\/uploads\/2021\/08\/evorgy-bg-1-960x720.jpg 960w,https:\/\/www.altografica.com\/wp-content\/uploads\/2021\/08\/evorgy-bg-1-640x480.jpg 640w\" sizes=\"auto, (max-width: 960px) 100vw, 960px\" width=\"960\" height=\"720\" alt=\"evorgy-bg\" \/>                \n                            <\/a>\n\t\t\t<\/div>\n            <div class=\"portfolio-info \">\n                <h3 class=\"portfolio-name h4\">\n                    <a href=\"https:\/\/www.altografica.com\/en\/portfolio\/evorgy\/\"  data-fade=\"#ecf1fd\" data-appearance=\"dark\">Evorgy<\/a>\n                <\/h3>\n                            <\/div>\n        <\/div>\n    <\/div>\n    <div class=\"isotope-item portfolio-item  cat-25 cat-28  item-1752\">\n        <div class=\"portfolio-item-inner item-inner do-anim\">\n            <div class=\"portfolio-media item-media \">\n            <a href=\"https:\/\/www.altografica.com\/en\/portfolio\/ui-ux-digital-design-vetcorner\/\" class=\"thumb-hover scale no-color\"   data-fade=\"#0f0322\" data-appearance=\"light\">\n                <img loading=\"lazy\" decoding=\"async\" src=\"https:\/\/www.altografica.com\/wp-content\/uploads\/2021\/07\/fav02-960x698.jpg\" srcset=\"https:\/\/www.altografica.com\/wp-content\/uploads\/2021\/07\/fav02-960x698.jpg 960w,https:\/\/www.altografica.com\/wp-content\/uploads\/2021\/07\/fav02-640x465.jpg 640w\" sizes=\"auto, (max-width: 960px) 100vw, 960px\" width=\"960\" height=\"698\" alt=\"fav02\" \/>                \n                            <\/a>\n\t\t\t<\/div>\n            <div class=\"portfolio-info \">\n                <h3 class=\"portfolio-name h4\">\n                    <a href=\"https:\/\/www.altografica.com\/en\/portfolio\/ui-ux-digital-design-vetcorner\/\"  data-fade=\"#0f0322\" data-appearance=\"light\">Vetcorner<\/a>\n                <\/h3>\n                            <\/div>\n        <\/div>\n    <\/div>\n    <div class=\"isotope-item portfolio-item  cat-25  item-1454\">\n        <div class=\"portfolio-item-inner item-inner do-anim\">\n            <div class=\"portfolio-media item-media \">\n            <a href=\"https:\/\/www.altografica.com\/en\/portfolio\/gripfilm\/\" class=\"thumb-hover scale no-color\"   data-fade=\"#fff\" data-appearance=\"dark\">\n                <img loading=\"lazy\" decoding=\"async\" src=\"https:\/\/www.altografica.com\/wp-content\/uploads\/2019\/06\/id55-10-960x540.jpg\" srcset=\"https:\/\/www.altografica.com\/wp-content\/uploads\/2019\/06\/id55-10-960x540.jpg 960w,https:\/\/www.altografica.com\/wp-content\/uploads\/2019\/06\/id55-10-640x360.jpg 640w\" sizes=\"auto, (max-width: 960px) 100vw, 960px\" width=\"960\" height=\"540\" alt=\"id55-10\" \/>                \n                            <\/a>\n\t\t\t<\/div>\n            <div class=\"portfolio-info \">\n                <h3 class=\"portfolio-name h4\">\n                    <a href=\"https:\/\/www.altografica.com\/en\/portfolio\/gripfilm\/\"  data-fade=\"#fff\" data-appearance=\"dark\">Gripfilm<\/a>\n                <\/h3>\n                            <\/div>\n        <\/div>\n    <\/div><\/div><\/div> <!-- END .wrapper --><\/p>\n","protected":false},"excerpt":{"rendered":"","protected":false},"author":2,"featured_media":0,"parent":0,"menu_order":0,"comment_status":"closed","ping_status":"closed","template":"","meta":{"footnotes":""},"class_list":["post-1710","page","type-page","status-publish","hentry","isotope-item"],"yoast_head":"<!-- This site is optimized with the Yoast SEO plugin v26.0 - https:\/\/yoast.com\/wordpress\/plugins\/seo\/ -->\n<title>Our studio - UI\/UX &amp; digital design studio. Branding &amp; graphic.<\/title>\n<meta name=\"description\" content=\"We&#039;re a branding\/digital design studio connecting brands to people through visuals with our main goal: focusing on humans. Our process provides quality, using a clear and direct language. Made in Zaragoza, born through passion, we are a small design studio crafting brands and digital experiences. A tight-knit team with a shared vision to deliver great work.\" \/>\n<meta name=\"robots\" content=\"index, follow, max-snippet:-1, max-image-preview:large, max-video-preview:-1\" \/>\n<link rel=\"canonical\" href=\"https:\/\/www.altografica.com\/en\/studio\/\" \/>\n<meta property=\"og:locale\" content=\"en_US\" \/>\n<meta property=\"og:type\" content=\"article\" \/>\n<meta property=\"og:title\" content=\"Our studio - UI\/UX &amp; digital design studio. Branding &amp; graphic.\" \/>\n<meta property=\"og:description\" content=\"We&#039;re a branding\/digital design studio connecting brands to people through visuals with our main goal: focusing on humans. Our process provides quality, using a clear and direct language. Made in Zaragoza, born through passion, we are a small design studio crafting brands and digital experiences. A tight-knit team with a shared vision to deliver great work.\" \/>\n<meta property=\"og:url\" content=\"https:\/\/www.altografica.com\/en\/studio\/\" \/>\n<meta property=\"og:site_name\" content=\"Alto Gr\u00e1fica\" \/>\n<meta property=\"article:modified_time\" content=\"2021-09-06T10:11:08+00:00\" \/>\n<meta name=\"twitter:card\" content=\"summary_large_image\" \/>\n<meta name=\"twitter:label1\" content=\"Est. reading time\" \/>\n\t<meta name=\"twitter:data1\" content=\"2 minutes\" \/>\n<script type=\"application\/ld+json\" class=\"yoast-schema-graph\">{\"@context\":\"https:\/\/schema.org\",\"@graph\":[{\"@type\":\"WebPage\",\"@id\":\"https:\/\/www.altografica.com\/en\/studio\/\",\"url\":\"https:\/\/www.altografica.com\/en\/studio\/\",\"name\":\"Our studio - UI\/UX & digital design studio. Branding & graphic.\",\"isPartOf\":{\"@id\":\"https:\/\/www.altografica.com\/#website\"},\"datePublished\":\"2019-06-20T12:26:05+00:00\",\"dateModified\":\"2021-09-06T10:11:08+00:00\",\"description\":\"We're a branding\/digital design studio connecting brands to people through visuals with our main goal: focusing on humans. Our process provides quality, using a clear and direct language. Made in Zaragoza, born through passion, we are a small design studio crafting brands and digital experiences. A tight-knit team with a shared vision to deliver great work.\",\"breadcrumb\":{\"@id\":\"https:\/\/www.altografica.com\/en\/studio\/#breadcrumb\"},\"inLanguage\":\"en-US\",\"potentialAction\":[{\"@type\":\"ReadAction\",\"target\":[\"https:\/\/www.altografica.com\/en\/studio\/\"]}]},{\"@type\":\"BreadcrumbList\",\"@id\":\"https:\/\/www.altografica.com\/en\/studio\/#breadcrumb\",\"itemListElement\":[{\"@type\":\"ListItem\",\"position\":1,\"name\":\"Portada\",\"item\":\"https:\/\/www.altografica.com\/en\/\"},{\"@type\":\"ListItem\",\"position\":2,\"name\":\"Our studio\"}]},{\"@type\":\"WebSite\",\"@id\":\"https:\/\/www.altografica.com\/#website\",\"url\":\"https:\/\/www.altografica.com\/\",\"name\":\"Alto Gr\u00e1fica Estudio de dise\u00f1o gr\u00e1fico y proyectos digitales\",\"description\":\"Dise\u00f1o gr\u00e1fico y digital\",\"potentialAction\":[{\"@type\":\"SearchAction\",\"target\":{\"@type\":\"EntryPoint\",\"urlTemplate\":\"https:\/\/www.altografica.com\/?s={search_term_string}\"},\"query-input\":{\"@type\":\"PropertyValueSpecification\",\"valueRequired\":true,\"valueName\":\"search_term_string\"}}],\"inLanguage\":\"en-US\"}]}<\/script>\n<!-- \/ Yoast SEO plugin. -->","yoast_head_json":{"title":"Our studio - UI\/UX & digital design studio. Branding & graphic.","description":"We're a branding\/digital design studio connecting brands to people through visuals with our main goal: focusing on humans. Our process provides quality, using a clear and direct language. Made in Zaragoza, born through passion, we are a small design studio crafting brands and digital experiences. A tight-knit team with a shared vision to deliver great work.","robots":{"index":"index","follow":"follow","max-snippet":"max-snippet:-1","max-image-preview":"max-image-preview:large","max-video-preview":"max-video-preview:-1"},"canonical":"https:\/\/www.altografica.com\/en\/studio\/","og_locale":"en_US","og_type":"article","og_title":"Our studio - UI\/UX & digital design studio. Branding & graphic.","og_description":"We're a branding\/digital design studio connecting brands to people through visuals with our main goal: focusing on humans. Our process provides quality, using a clear and direct language. Made in Zaragoza, born through passion, we are a small design studio crafting brands and digital experiences. A tight-knit team with a shared vision to deliver great work.","og_url":"https:\/\/www.altografica.com\/en\/studio\/","og_site_name":"Alto Gr\u00e1fica","article_modified_time":"2021-09-06T10:11:08+00:00","twitter_card":"summary_large_image","twitter_misc":{"Est. reading time":"2 minutes"},"schema":{"@context":"https:\/\/schema.org","@graph":[{"@type":"WebPage","@id":"https:\/\/www.altografica.com\/en\/studio\/","url":"https:\/\/www.altografica.com\/en\/studio\/","name":"Our studio - UI\/UX & digital design studio. Branding & graphic.","isPartOf":{"@id":"https:\/\/www.altografica.com\/#website"},"datePublished":"2019-06-20T12:26:05+00:00","dateModified":"2021-09-06T10:11:08+00:00","description":"We're a branding\/digital design studio connecting brands to people through visuals with our main goal: focusing on humans. Our process provides quality, using a clear and direct language. Made in Zaragoza, born through passion, we are a small design studio crafting brands and digital experiences. A tight-knit team with a shared vision to deliver great work.","breadcrumb":{"@id":"https:\/\/www.altografica.com\/en\/studio\/#breadcrumb"},"inLanguage":"en-US","potentialAction":[{"@type":"ReadAction","target":["https:\/\/www.altografica.com\/en\/studio\/"]}]},{"@type":"BreadcrumbList","@id":"https:\/\/www.altografica.com\/en\/studio\/#breadcrumb","itemListElement":[{"@type":"ListItem","position":1,"name":"Portada","item":"https:\/\/www.altografica.com\/en\/"},{"@type":"ListItem","position":2,"name":"Our studio"}]},{"@type":"WebSite","@id":"https:\/\/www.altografica.com\/#website","url":"https:\/\/www.altografica.com\/","name":"Alto Gr\u00e1fica Estudio de dise\u00f1o gr\u00e1fico y proyectos digitales","description":"Dise\u00f1o gr\u00e1fico y digital","potentialAction":[{"@type":"SearchAction","target":{"@type":"EntryPoint","urlTemplate":"https:\/\/www.altografica.com\/?s={search_term_string}"},"query-input":{"@type":"PropertyValueSpecification","valueRequired":true,"valueName":"search_term_string"}}],"inLanguage":"en-US"}]}},"_links":{"self":[{"href":"https:\/\/www.altografica.com\/en\/wp-json\/wp\/v2\/pages\/1710","targetHints":{"allow":["GET"]}}],"collection":[{"href":"https:\/\/www.altografica.com\/en\/wp-json\/wp\/v2\/pages"}],"about":[{"href":"https:\/\/www.altografica.com\/en\/wp-json\/wp\/v2\/types\/page"}],"author":[{"embeddable":true,"href":"https:\/\/www.altografica.com\/en\/wp-json\/wp\/v2\/users\/2"}],"replies":[{"embeddable":true,"href":"https:\/\/www.altografica.com\/en\/wp-json\/wp\/v2\/comments?post=1710"}],"version-history":[{"count":16,"href":"https:\/\/www.altografica.com\/en\/wp-json\/wp\/v2\/pages\/1710\/revisions"}],"predecessor-version":[{"id":1741,"href":"https:\/\/www.altografica.com\/en\/wp-json\/wp\/v2\/pages\/1710\/revisions\/1741"}],"wp:attachment":[{"href":"https:\/\/www.altografica.com\/en\/wp-json\/wp\/v2\/media?parent=1710"}],"curies":[{"name":"wp","href":"https:\/\/api.w.org\/{rel}","templated":true}]}}