{"id":1712,"date":"2019-06-20T12:31:32","date_gmt":"2019-06-20T12:31:32","guid":{"rendered":"https:\/\/www.altografica.com\/?page_id=1712"},"modified":"2021-09-06T09:30:25","modified_gmt":"2021-09-06T09:30:25","slug":"contact","status":"publish","type":"page","link":"https:\/\/www.altografica.com\/en\/contact\/","title":{"rendered":"Contact"},"content":{"rendered":"<div class=\"spacer spacer-big hidden-768\"><\/div><div class=\"spacer spacer-big hidden-768\"><\/div><div class=\"wrapper-medium\"><div  class=\"column-section clearfix spaced-huge  col-align-top no-anim\"><div  class=\"column one-full last-col  col1 no-anim\" >\n<h1 class=\"p1\"><span class=\"s1\">Get in touch.<br \/>\n<\/span><\/h1>\n<h3>Have a project or want to talk?<br \/>\nSay hi! <a href=\"mailto:david@altografica.com\">david@altografica.com<\/a><\/h3>\n<div class=\"spacer spacer-medium hidden-768\"><\/div>\n<p><a href=\"https:\/\/www.instagram.com\/altografica\/\" target=\"_blank\" rel=\"noopener\">Instagram<\/a><br \/>\n<a href=\"https:\/\/www.behance.net\/tapiamartin\" target=\"_blank\" rel=\"noopener\">Behance<\/a><br \/>\n<a href=\"https:\/\/www.linkedin.com\/in\/david-altografica\/\" target=\"_blank\" rel=\"noopener\">LinkedIn<\/a><\/p>\n<\/div><\/div><\/div><div class=\"spacer spacer-big hidden-768\"><\/div><div class=\"wrapper\"><div  class=\"column-section clearfix spaced-normal  col-align-top no-anim\"><div  class=\"column one-full last-col  col2 no-anim\" ><\/div><\/div><\/div>\n","protected":false},"excerpt":{"rendered":"","protected":false},"author":2,"featured_media":0,"parent":0,"menu_order":0,"comment_status":"closed","ping_status":"closed","template":"","meta":{"footnotes":""},"class_list":["post-1712","page","type-page","status-publish","hentry","isotope-item"],"yoast_head":"<!-- This site is optimized with the Yoast SEO plugin v26.0 - https:\/\/yoast.com\/wordpress\/plugins\/seo\/ -->\n<title>Alto Gr\u00e1fica Digital &amp; graphic design studio<\/title>\n<meta name=\"description\" content=\"Let\u00b4s make great work together. Get in touch. Have a project or want to talk. Say hi! david@altografica.com\" \/>\n<meta name=\"robots\" content=\"index, follow, max-snippet:-1, max-image-preview:large, max-video-preview:-1\" \/>\n<link rel=\"canonical\" href=\"https:\/\/www.altografica.com\/en\/contact\/\" \/>\n<meta property=\"og:locale\" content=\"en_US\" \/>\n<meta property=\"og:type\" content=\"article\" \/>\n<meta property=\"og:title\" content=\"Alto Gr\u00e1fica Digital &amp; graphic design studio\" \/>\n<meta property=\"og:description\" content=\"Let\u00b4s make great work together. Get in touch. Have a project or want to talk. Say hi! david@altografica.com\" \/>\n<meta property=\"og:url\" content=\"https:\/\/www.altografica.com\/en\/contact\/\" \/>\n<meta property=\"og:site_name\" content=\"Alto Gr\u00e1fica\" \/>\n<meta property=\"article:modified_time\" content=\"2021-09-06T09:30:25+00:00\" \/>\n<meta name=\"twitter:card\" content=\"summary_large_image\" \/>\n<meta name=\"twitter:label1\" content=\"Est. reading time\" \/>\n\t<meta name=\"twitter:data1\" content=\"1 minute\" \/>\n<script type=\"application\/ld+json\" class=\"yoast-schema-graph\">{\"@context\":\"https:\/\/schema.org\",\"@graph\":[{\"@type\":\"WebPage\",\"@id\":\"https:\/\/www.altografica.com\/en\/contact\/\",\"url\":\"https:\/\/www.altografica.com\/en\/contact\/\",\"name\":\"Alto Gr\u00e1fica Digital & graphic design studio\",\"isPartOf\":{\"@id\":\"https:\/\/www.altografica.com\/#website\"},\"datePublished\":\"2019-06-20T12:31:32+00:00\",\"dateModified\":\"2021-09-06T09:30:25+00:00\",\"description\":\"Let\u00b4s make great work together. Get in touch. Have a project or want to talk. Say hi! david@altografica.com\",\"breadcrumb\":{\"@id\":\"https:\/\/www.altografica.com\/en\/contact\/#breadcrumb\"},\"inLanguage\":\"en-US\",\"potentialAction\":[{\"@type\":\"ReadAction\",\"target\":[\"https:\/\/www.altografica.com\/en\/contact\/\"]}]},{\"@type\":\"BreadcrumbList\",\"@id\":\"https:\/\/www.altografica.com\/en\/contact\/#breadcrumb\",\"itemListElement\":[{\"@type\":\"ListItem\",\"position\":1,\"name\":\"Portada\",\"item\":\"https:\/\/www.altografica.com\/en\/\"},{\"@type\":\"ListItem\",\"position\":2,\"name\":\"Contact\"}]},{\"@type\":\"WebSite\",\"@id\":\"https:\/\/www.altografica.com\/#website\",\"url\":\"https:\/\/www.altografica.com\/\",\"name\":\"Alto Gr\u00e1fica Estudio de dise\u00f1o gr\u00e1fico y proyectos digitales\",\"description\":\"Dise\u00f1o gr\u00e1fico y digital\",\"potentialAction\":[{\"@type\":\"SearchAction\",\"target\":{\"@type\":\"EntryPoint\",\"urlTemplate\":\"https:\/\/www.altografica.com\/?s={search_term_string}\"},\"query-input\":{\"@type\":\"PropertyValueSpecification\",\"valueRequired\":true,\"valueName\":\"search_term_string\"}}],\"inLanguage\":\"en-US\"}]}<\/script>\n<!-- \/ Yoast SEO plugin. -->","yoast_head_json":{"title":"Alto Gr\u00e1fica Digital & graphic design studio","description":"Let\u00b4s make great work together. Get in touch. Have a project or want to talk. Say hi! david@altografica.com","robots":{"index":"index","follow":"follow","max-snippet":"max-snippet:-1","max-image-preview":"max-image-preview:large","max-video-preview":"max-video-preview:-1"},"canonical":"https:\/\/www.altografica.com\/en\/contact\/","og_locale":"en_US","og_type":"article","og_title":"Alto Gr\u00e1fica Digital & graphic design studio","og_description":"Let\u00b4s make great work together. Get in touch. Have a project or want to talk. Say hi! david@altografica.com","og_url":"https:\/\/www.altografica.com\/en\/contact\/","og_site_name":"Alto Gr\u00e1fica","article_modified_time":"2021-09-06T09:30:25+00:00","twitter_card":"summary_large_image","twitter_misc":{"Est. reading time":"1 minute"},"schema":{"@context":"https:\/\/schema.org","@graph":[{"@type":"WebPage","@id":"https:\/\/www.altografica.com\/en\/contact\/","url":"https:\/\/www.altografica.com\/en\/contact\/","name":"Alto Gr\u00e1fica Digital & graphic design studio","isPartOf":{"@id":"https:\/\/www.altografica.com\/#website"},"datePublished":"2019-06-20T12:31:32+00:00","dateModified":"2021-09-06T09:30:25+00:00","description":"Let\u00b4s make great work together. Get in touch. Have a project or want to talk. Say hi! david@altografica.com","breadcrumb":{"@id":"https:\/\/www.altografica.com\/en\/contact\/#breadcrumb"},"inLanguage":"en-US","potentialAction":[{"@type":"ReadAction","target":["https:\/\/www.altografica.com\/en\/contact\/"]}]},{"@type":"BreadcrumbList","@id":"https:\/\/www.altografica.com\/en\/contact\/#breadcrumb","itemListElement":[{"@type":"ListItem","position":1,"name":"Portada","item":"https:\/\/www.altografica.com\/en\/"},{"@type":"ListItem","position":2,"name":"Contact"}]},{"@type":"WebSite","@id":"https:\/\/www.altografica.com\/#website","url":"https:\/\/www.altografica.com\/","name":"Alto Gr\u00e1fica Estudio de dise\u00f1o gr\u00e1fico y proyectos digitales","description":"Dise\u00f1o gr\u00e1fico y digital","potentialAction":[{"@type":"SearchAction","target":{"@type":"EntryPoint","urlTemplate":"https:\/\/www.altografica.com\/?s={search_term_string}"},"query-input":{"@type":"PropertyValueSpecification","valueRequired":true,"valueName":"search_term_string"}}],"inLanguage":"en-US"}]}},"_links":{"self":[{"href":"https:\/\/www.altografica.com\/en\/wp-json\/wp\/v2\/pages\/1712","targetHints":{"allow":["GET"]}}],"collection":[{"href":"https:\/\/www.altografica.com\/en\/wp-json\/wp\/v2\/pages"}],"about":[{"href":"https:\/\/www.altografica.com\/en\/wp-json\/wp\/v2\/types\/page"}],"author":[{"embeddable":true,"href":"https:\/\/www.altografica.com\/en\/wp-json\/wp\/v2\/users\/2"}],"replies":[{"embeddable":true,"href":"https:\/\/www.altografica.com\/en\/wp-json\/wp\/v2\/comments?post=1712"}],"version-history":[{"count":8,"href":"https:\/\/www.altografica.com\/en\/wp-json\/wp\/v2\/pages\/1712\/revisions"}],"predecessor-version":[{"id":1730,"href":"https:\/\/www.altografica.com\/en\/wp-json\/wp\/v2\/pages\/1712\/revisions\/1730"}],"wp:attachment":[{"href":"https:\/\/www.altografica.com\/en\/wp-json\/wp\/v2\/media?parent=1712"}],"curies":[{"name":"wp","href":"https:\/\/api.w.org\/{rel}","templated":true}]}}